{"id":147,"date":"2025-07-05T16:51:49","date_gmt":"2025-07-05T16:51:49","guid":{"rendered":"https:\/\/nummitarha.fi\/?page_id=147"},"modified":"2025-07-09T11:10:21","modified_gmt":"2025-07-09T11:10:21","slug":"nummitarha-oy","status":"publish","type":"page","link":"https:\/\/nummitarha.fi\/index.php\/nummitarha-oy\/","title":{"rendered":"Yhteystiedot"},"content":{"rendered":"\n<p>Timo Peltoniemi<\/p>\n\n\n\n<p>Puh. 0500 773747 <\/p>\n\n\n\n<p>email: nummitarha@gmail.com<\/p>\n\n\n\n<p>www.nummitarha.fi<\/p>\n\n\n\n<p>www.facebook.com\/nummitarha<\/p>\n","protected":false},"excerpt":{"rendered":"<p>Timo Peltoniemi Puh. 0500 773747 email: nummitarha@gmail.com www.nummitarha.fi www.facebook.com\/nummitarha<\/p>\n","protected":false},"author":1,"featured_media":0,"parent":0,"menu_order":0,"comment_status":"closed","ping_status":"closed","template":"","meta":{"footnotes":""},"class_list":["post-147","page","type-page","status-publish","hentry"],"yoast_head":"<!-- This site is optimized with the Yoast SEO plugin v25.3.1 - https:\/\/yoast.com\/wordpress\/plugins\/seo\/ -->\n<title>Yhteystiedot - NUMMITARHA<\/title>\n<meta name=\"robots\" content=\"index, follow, max-snippet:-1, max-image-preview:large, max-video-preview:-1\" \/>\n<link rel=\"canonical\" href=\"https:\/\/nummitarha.fi\/index.php\/nummitarha-oy\/\" \/>\n<meta property=\"og:locale\" content=\"fi_FI\" \/>\n<meta property=\"og:type\" content=\"article\" \/>\n<meta property=\"og:title\" content=\"Yhteystiedot - NUMMITARHA\" \/>\n<meta property=\"og:description\" content=\"Timo Peltoniemi Puh. 0500 773747 email: nummitarha@gmail.com www.nummitarha.fi www.facebook.com\/nummitarha\" \/>\n<meta property=\"og:url\" content=\"https:\/\/nummitarha.fi\/index.php\/nummitarha-oy\/\" \/>\n<meta property=\"og:site_name\" content=\"NUMMITARHA\" \/>\n<meta property=\"article:publisher\" content=\"https:\/\/facebook.com\/nummitarha\" \/>\n<meta property=\"article:modified_time\" content=\"2025-07-09T11:10:21+00:00\" \/>\n<meta name=\"twitter:card\" content=\"summary_large_image\" \/>\n<meta name=\"twitter:label1\" content=\"Arvioitu lukuaika\" \/>\n\t<meta name=\"twitter:data1\" content=\"1 minuutti\" \/>\n<script type=\"application\/ld+json\" class=\"yoast-schema-graph\">{\"@context\":\"https:\/\/schema.org\",\"@graph\":[{\"@type\":\"WebPage\",\"@id\":\"https:\/\/nummitarha.fi\/index.php\/nummitarha-oy\/\",\"url\":\"https:\/\/nummitarha.fi\/index.php\/nummitarha-oy\/\",\"name\":\"Yhteystiedot - NUMMITARHA\",\"isPartOf\":{\"@id\":\"https:\/\/nummitarha.fi\/#website\"},\"datePublished\":\"2025-07-05T16:51:49+00:00\",\"dateModified\":\"2025-07-09T11:10:21+00:00\",\"breadcrumb\":{\"@id\":\"https:\/\/nummitarha.fi\/index.php\/nummitarha-oy\/#breadcrumb\"},\"inLanguage\":\"fi\",\"potentialAction\":[{\"@type\":\"ReadAction\",\"target\":[\"https:\/\/nummitarha.fi\/index.php\/nummitarha-oy\/\"]}]},{\"@type\":\"BreadcrumbList\",\"@id\":\"https:\/\/nummitarha.fi\/index.php\/nummitarha-oy\/#breadcrumb\",\"itemListElement\":[{\"@type\":\"ListItem\",\"position\":1,\"name\":\"Etusivu\",\"item\":\"https:\/\/nummitarha.fi\/\"},{\"@type\":\"ListItem\",\"position\":2,\"name\":\"Yhteystiedot\"}]},{\"@type\":\"WebSite\",\"@id\":\"https:\/\/nummitarha.fi\/#website\",\"url\":\"https:\/\/nummitarha.fi\/\",\"name\":\"NUMMITARHA\",\"description\":\"P\u00f6lytyspalvelu lis\u00e4\u00e4 satoa \",\"potentialAction\":[{\"@type\":\"SearchAction\",\"target\":{\"@type\":\"EntryPoint\",\"urlTemplate\":\"https:\/\/nummitarha.fi\/?s={search_term_string}\"},\"query-input\":{\"@type\":\"PropertyValueSpecification\",\"valueRequired\":true,\"valueName\":\"search_term_string\"}}],\"inLanguage\":\"fi\"}]}<\/script>\n<!-- \/ Yoast SEO plugin. -->","yoast_head_json":{"title":"Yhteystiedot - NUMMITARHA","robots":{"index":"index","follow":"follow","max-snippet":"max-snippet:-1","max-image-preview":"max-image-preview:large","max-video-preview":"max-video-preview:-1"},"canonical":"https:\/\/nummitarha.fi\/index.php\/nummitarha-oy\/","og_locale":"fi_FI","og_type":"article","og_title":"Yhteystiedot - NUMMITARHA","og_description":"Timo Peltoniemi Puh. 0500 773747 email: nummitarha@gmail.com www.nummitarha.fi www.facebook.com\/nummitarha","og_url":"https:\/\/nummitarha.fi\/index.php\/nummitarha-oy\/","og_site_name":"NUMMITARHA","article_publisher":"https:\/\/facebook.com\/nummitarha","article_modified_time":"2025-07-09T11:10:21+00:00","twitter_card":"summary_large_image","twitter_misc":{"Arvioitu lukuaika":"1 minuutti"},"schema":{"@context":"https:\/\/schema.org","@graph":[{"@type":"WebPage","@id":"https:\/\/nummitarha.fi\/index.php\/nummitarha-oy\/","url":"https:\/\/nummitarha.fi\/index.php\/nummitarha-oy\/","name":"Yhteystiedot - NUMMITARHA","isPartOf":{"@id":"https:\/\/nummitarha.fi\/#website"},"datePublished":"2025-07-05T16:51:49+00:00","dateModified":"2025-07-09T11:10:21+00:00","breadcrumb":{"@id":"https:\/\/nummitarha.fi\/index.php\/nummitarha-oy\/#breadcrumb"},"inLanguage":"fi","potentialAction":[{"@type":"ReadAction","target":["https:\/\/nummitarha.fi\/index.php\/nummitarha-oy\/"]}]},{"@type":"BreadcrumbList","@id":"https:\/\/nummitarha.fi\/index.php\/nummitarha-oy\/#breadcrumb","itemListElement":[{"@type":"ListItem","position":1,"name":"Etusivu","item":"https:\/\/nummitarha.fi\/"},{"@type":"ListItem","position":2,"name":"Yhteystiedot"}]},{"@type":"WebSite","@id":"https:\/\/nummitarha.fi\/#website","url":"https:\/\/nummitarha.fi\/","name":"NUMMITARHA","description":"P\u00f6lytyspalvelu lis\u00e4\u00e4 satoa ","potentialAction":[{"@type":"SearchAction","target":{"@type":"EntryPoint","urlTemplate":"https:\/\/nummitarha.fi\/?s={search_term_string}"},"query-input":{"@type":"PropertyValueSpecification","valueRequired":true,"valueName":"search_term_string"}}],"inLanguage":"fi"}]}},"_links":{"self":[{"href":"https:\/\/nummitarha.fi\/index.php\/wp-json\/wp\/v2\/pages\/147","targetHints":{"allow":["GET"]}}],"collection":[{"href":"https:\/\/nummitarha.fi\/index.php\/wp-json\/wp\/v2\/pages"}],"about":[{"href":"https:\/\/nummitarha.fi\/index.php\/wp-json\/wp\/v2\/types\/page"}],"author":[{"embeddable":true,"href":"https:\/\/nummitarha.fi\/index.php\/wp-json\/wp\/v2\/users\/1"}],"replies":[{"embeddable":true,"href":"https:\/\/nummitarha.fi\/index.php\/wp-json\/wp\/v2\/comments?post=147"}],"version-history":[{"count":2,"href":"https:\/\/nummitarha.fi\/index.php\/wp-json\/wp\/v2\/pages\/147\/revisions"}],"predecessor-version":[{"id":177,"href":"https:\/\/nummitarha.fi\/index.php\/wp-json\/wp\/v2\/pages\/147\/revisions\/177"}],"wp:attachment":[{"href":"https:\/\/nummitarha.fi\/index.php\/wp-json\/wp\/v2\/media?parent=147"}],"curies":[{"name":"wp","href":"https:\/\/api.w.org\/{rel}","templated":true}]}}